{"id":11,"date":"2014-05-30T10:25:31","date_gmt":"2014-05-30T10:25:31","guid":{"rendered":"http:\/\/majaigucio.pl\/?page_id=11"},"modified":"2023-12-03T13:52:40","modified_gmt":"2023-12-03T12:52:40","slug":"cennik-ul-wicherkiewicza","status":"publish","type":"page","link":"https:\/\/majaigucio.pl\/index.php\/cennik-ul-wicherkiewicza\/","title":{"rendered":"Przedszkole &#8222;Maja i Gucio&#8221; ul. Wicherkiewicza 19"},"content":{"rendered":"<p style=\"text-align: left;\">Niepubliczne Przedszkole Rekreacyjno &#8211; Sportowe \u201eMaja i Gucio&#8221; zlokalizowane\u00a0 jest<br \/>\nprzy ul. Wicherkiewicza 19\/3-4 w Krakowie. Nasze przedszkole czynne jest od poniedzia\u0142ku do pi\u0105tku<br \/>\nw godzinach \u00a06:30 -17:30. Zapraszamy dzieci od 2,5 do 6 lat. Ka\u017cdemu nowemu przedszkolakowi zapewniamy odpowiedni czas na adaptacj\u0119 w nowym otoczeniu.<\/p>\n<p>Du\u017c\u0105 wag\u0119 przywi\u0105zujemy do estetycznego wystroju wn\u0119trz oraz otoczenia plac\u00f3wki. Sale przedszkolne s\u0105 przestronne, jasne, doskonale wyposa\u017cone we wszelkie potrzebne pomoce dydaktyczne, zabawki, k\u0105ciki zabaw, meble dostosowane do wieku dzieci. Dodatkowym miejscem do zabaw jest plac zabaw.<br \/>\nW przedszkolu pracuje wykwalifikowana kadra pedagogiczna oraz oddany dzieciom personel.<\/p>\n<p>Dbamy o zdrowe od\u017cywianie dzieci\u00a0oraz kszta\u0142tujemy dobre nawyki \u017cywieniowe.<br \/>\nDzi\u0119ki wsp\u00f3\u0142pracy z do\u015bwiadczon\u0105 firm\u0105 cateringow\u0105 posi\u0142ki przygotowywane s\u0105\u00a0 dla dzieci z ogromn\u0105 staranno\u015bci\u0105, z zachowaniem wszelkich norm.<\/p>\n<p>Przedszkole realizuje cele i zadania okre\u015blone w podstawie programowej wychowania przedszkolnego zatwierdzonej przez MEN,\u00a0 pod nadzorem Ma\u0142opolskiego Kuratora O\u015bwiaty.<\/p>\n<blockquote>\n<p style=\"text-align: center;\"><strong>\u00a0\u201e KIEDY \u015aMIEJE SI\u0118 DZIECKO \u015aMIEJE SI\u0118 CA\u0141Y \u015aWIAT&#8221;<br \/>\nJanusz Korczak<\/strong><\/p>\n<\/blockquote>\n<p>Ide\u0105 dzia\u0142ania naszego przedszkola jest wykorzystanie w pracy z dzie\u0107mi zr\u00f3\u017cnicowanych form i metod pedagogicznych. Ka\u017cde dziecko jest niepowtarzaln\u0105 osob\u0105, dlatego te\u017c wsp\u00f3lnie z rodzicami d\u0105\u017cymy<br \/>\ndo tego, by nasze dzieci zdobywa\u0142y wiedz\u0119, umiej\u0119tno\u015bci i sprawno\u015bci, kt\u00f3re pozwol\u0105 im sprosta\u0107 wymaganiom stawianym w szkole i w \u017cyciu doros\u0142ym, by by\u0142y otwarte na kontakty z innymi lud\u017ami. Propagujemy sport i zdrowy styl \u017cycia, \u0142\u0105cz\u0105c kreatywn\u0105 zabaw\u0105 z tw\u00f3rcz\u0105 nauk\u0105 i ruchem. Anga\u017cujemy wszystkie zmys\u0142y dziecka w celu umo\u017cliwienia wszechstronnego rozwoju wychowanka, zar\u00f3wno fizycznego jak i intelektualnego.<br \/>\nPomagamy dzieciom rozwija\u0107 ich zdolno\u015bci, zaspokaja\u0107 naturalne potrzeby ruchowe oraz kszta\u0142towa\u0107<br \/>\nu nich postawy prozdrowotne i proekologiczne. Jeste\u015bmy plac\u00f3wk\u0105 otwart\u0105 na potrzeby i zainteresowania dziecka. Wspieramy jego aktywno\u015b\u0107 i kreatywno\u015b\u0107, pomagamy w rozwoju jego talent\u00f3w, zainteresowa\u0144, wspieramy w pokonywaniu trudno\u015bci<br \/>\ni barier.<\/p>\n<p>Tematyk\u0119 prowadzonych w przedszkolu zaj\u0119\u0107 edukacyjnych \u00a0uzupe\u0142niamy\u00a0poprzez:<\/p>\n<ul>\n<li>wycieczki poznawczo \u2013 edukacyjne;<\/li>\n<li>uroczysto\u015bci przedszkolne;<\/li>\n<li>prowadzenie obserwacji, do\u015bwiadcze\u0144 i eksperyment\u00f3w w przedszkolu;<\/li>\n<li>organizowanie przedsi\u0119wzi\u0119\u0107 sportowych ( zawody sportowe, pokazy Ma\u0142ego Karateki);<\/li>\n<li>zapraszanie ciekawych go\u015bci do przedszkola;<\/li>\n<li>szeroki wyb\u00f3r zaj\u0119\u0107 dodatkowych takich jak: j\u0119zyk angielski, rytmika, gimnastyka korekcyjna, Ma\u0142y Karateka, judo, taniec, terapia logopedyczna, pedagogiczna, opieka psychologiczna, bajkoterapia, arteterapia, zaj\u0119cia sensoryczne, zabawy matematyczne, warsztaty kulinarne;<\/li>\n<li>doskonalenie i nauka p\u0142ywania &#8211; zaj\u0119cia na basenie;<\/li>\n<li>opiek\u0119 psychologa, pedagoga specjalnego i logopedy;<\/li>\n<\/ul>\n<p>Promujemy zdrowy i aktywny tryb \u017cycia, w zgodzie z sob\u0105 i \u015brodowiskiem. Nasze przedszkole to miejsce,<br \/>\nw kt\u00f3rym panuje przyjazna atmosfera &#8211; dzieci ch\u0119tnie do nas przychodz\u0105 i \u015bwietnie si\u0119 tu czuj\u0105. Zapewniamy dobrze zorganizowane, atrakcyjne zaj\u0119cia w estetycznym i bezpiecznym otoczeniu. Umo\u017cliwiamy dzieciom swobodny wyb\u00f3r aktywno\u015bci zabawowej.<\/p>\n","protected":false},"excerpt":{"rendered":"<p>Niepubliczne Przedszkole Rekreacyjno &#8211; Sportowe \u201eMaja i Gucio&#8221; zlokalizowane\u00a0 jest przy ul. Wicherkiewicza 19\/3-4 w Krakowie. Nasze przedszkole czynne jest od poniedzia\u0142ku do pi\u0105tku w godzinach \u00a06:30 -17:30. Zapraszamy dzieci od 2,5 do 6 lat. Ka\u017cdemu nowemu przedszkolakowi zapewniamy odpowiedni &hellip; <\/p>\n","protected":false},"author":1,"featured_media":0,"parent":0,"menu_order":0,"comment_status":"closed","ping_status":"open","template":"","meta":{"_mi_skip_tracking":false},"_links":{"self":[{"href":"https:\/\/majaigucio.pl\/index.php\/wp-json\/wp\/v2\/pages\/11"}],"collection":[{"href":"https:\/\/majaigucio.pl\/index.php\/wp-json\/wp\/v2\/pages"}],"about":[{"href":"https:\/\/majaigucio.pl\/index.php\/wp-json\/wp\/v2\/types\/page"}],"author":[{"embeddable":true,"href":"https:\/\/majaigucio.pl\/index.php\/wp-json\/wp\/v2\/users\/1"}],"replies":[{"embeddable":true,"href":"https:\/\/majaigucio.pl\/index.php\/wp-json\/wp\/v2\/comments?post=11"}],"version-history":[{"count":14,"href":"https:\/\/majaigucio.pl\/index.php\/wp-json\/wp\/v2\/pages\/11\/revisions"}],"predecessor-version":[{"id":1756,"href":"https:\/\/majaigucio.pl\/index.php\/wp-json\/wp\/v2\/pages\/11\/revisions\/1756"}],"wp:attachment":[{"href":"https:\/\/majaigucio.pl\/index.php\/wp-json\/wp\/v2\/media?parent=11"}],"curies":[{"name":"wp","href":"https:\/\/api.w.org\/{rel}","templated":true}]}}