{"id":17,"date":"2014-05-30T10:26:06","date_gmt":"2014-05-30T10:26:06","guid":{"rendered":"http:\/\/majaigucio.pl\/?page_id=17"},"modified":"2025-02-05T17:20:17","modified_gmt":"2025-02-05T16:20:17","slug":"kontakt-2","status":"publish","type":"page","link":"http:\/\/majaigucio.pl\/index.php\/kontakt-2\/","title":{"rendered":"Kontakt"},"content":{"rendered":"<p><strong>Zapraszamy do naszych plac\u00f3wek!<\/strong><\/p>\n<p><strong>Niepubliczne Przedszkole Rekreacyjno- Sportowe \u201e MAJA I GUCIO \u201d ul. Mieczykowa 30; <br>30-389&nbsp; Krak\u00f3w <\/strong><\/p>\n<p>Telefon dyrektora: +48 519 106 894<br>Telefon przedszkolny: 798 829 654<br>Adres mailowy:&nbsp; <a href=\"mailto:przedszkolemajaigucio2@gmail.com\">przedszkolemajaigucio2@gmail.com<\/a><\/p>\n<p><\/p>\n<p><strong>Niepubliczne Przedszkole Rekreacyjno- Sportowe \u201e MAJA I GUCIO 2\u201d os. Avia 1; <br>31-877 &nbsp;Krak\u00f3w <\/strong><\/p>\n<p>Telefon przedszkolny: <strong>+48&nbsp; 507 412&nbsp;217<br><\/strong>Telefon dyrektora: +48 519&nbsp;106 894<br>Adres mailowy:&nbsp; <a href=\"mailto:przedszkolemajaigucio2@gmail.com\">przedszkolemajaigucio2@gmail.com<\/a><\/p>\n<p><strong>&nbsp;<\/strong><\/p>\n<p><strong>Niepubliczne Przedszkole Rekreacyjno- Sportowe \u201e MAJA I GUCIO \u201d <br>ul. Wicherkiewicza 19\/ 3-4; 30-389 Krak\u00f3w<\/strong><\/p>\n<p>Telefon przedszkolny: <strong>+48&nbsp; 666&nbsp;308&nbsp;144<br><\/strong>Telefon stacjonarny<strong>: <\/strong>12 26 67&nbsp;939<br>Telefon dyrektora: +48 519&nbsp;106 894<br>Adres mailowy: &nbsp;<a href=\"mailto:majaigucioprzedszkole@gmail.com\">majaigucioprzedszkole@gmail.com<\/a><\/p>\n<p><a href=\"http:\/\/www.facebook.com\/majaiguciokrakow\">www.facebook.com\/majaiguciokrakow<\/a><\/p>\n<p><\/p>\n\n<div role=\"form\" class=\"wpcf7\" id=\"wpcf7-f1100-o1\" lang=\"pl-PL\" dir=\"ltr\">\n<div class=\"screen-reader-response\"><p role=\"status\" aria-live=\"polite\" aria-atomic=\"true\"><\/p> <ul><\/ul><\/div>\n<form action=\"\/index.php\/wp-json\/wp\/v2\/pages\/17#wpcf7-f1100-o1\" method=\"post\" class=\"wpcf7-form init\" novalidate=\"novalidate\" data-status=\"init\">\n<div style=\"display: none;\">\n<input type=\"hidden\" name=\"_wpcf7\" value=\"1100\" \/>\n<input type=\"hidden\" name=\"_wpcf7_version\" value=\"5.5.6\" \/>\n<input type=\"hidden\" name=\"_wpcf7_locale\" value=\"pl_PL\" \/>\n<input type=\"hidden\" name=\"_wpcf7_unit_tag\" value=\"wpcf7-f1100-o1\" \/>\n<input type=\"hidden\" name=\"_wpcf7_container_post\" value=\"0\" \/>\n<input type=\"hidden\" name=\"_wpcf7_posted_data_hash\" value=\"\" \/>\n<\/div>\n<p><label> Imi\u0119 i nazwisko (wymagane)<br \/>\n    <span class=\"wpcf7-form-control-wrap your-name\"><input type=\"text\" name=\"your-name\" value=\"\" size=\"40\" class=\"wpcf7-form-control wpcf7-text wpcf7-validates-as-required\" aria-required=\"true\" aria-invalid=\"false\" \/><\/span> <\/label><\/p>\n<p><label> Adres email (wymagane)<br \/>\n    <span class=\"wpcf7-form-control-wrap your-email\"><input type=\"email\" name=\"your-email\" value=\"\" size=\"40\" class=\"wpcf7-form-control wpcf7-text wpcf7-email wpcf7-validates-as-required wpcf7-validates-as-email\" aria-required=\"true\" aria-invalid=\"false\" \/><\/span> <\/label><\/p>\n<p><label> Temat<br \/>\n    <span class=\"wpcf7-form-control-wrap your-subject\"><input type=\"text\" name=\"your-subject\" value=\"\" size=\"40\" class=\"wpcf7-form-control wpcf7-text\" aria-invalid=\"false\" \/><\/span> <\/label><\/p>\n<p><label> Tre\u015b\u0107 wiadomo\u015bci<br \/>\n    <span class=\"wpcf7-form-control-wrap your-message\"><textarea name=\"your-message\" cols=\"40\" rows=\"10\" class=\"wpcf7-form-control wpcf7-textarea\" aria-invalid=\"false\"><\/textarea><\/span> <\/label><\/p>\n<p><input type=\"submit\" value=\"Wy\u015blij\" class=\"wpcf7-form-control has-spinner wpcf7-submit\" \/><\/p>\n<div class=\"wpcf7-response-output\" aria-hidden=\"true\"><\/div><\/form><\/div>\n","protected":false},"excerpt":{"rendered":"<p>Zapraszamy do naszych plac\u00f3wek! Niepubliczne Przedszkole Rekreacyjno- Sportowe \u201e MAJA I GUCIO \u201d ul. Mieczykowa 30; 30-389&nbsp; Krak\u00f3w Telefon dyrektora: +48 519 106 894Telefon przedszkolny: 798 829 654Adres mailowy:&nbsp; przedszkolemajaigucio2@gmail.com Niepubliczne Przedszkole Rekreacyjno- Sportowe \u201e MAJA I GUCIO 2\u201d os. &hellip; <\/p>\n","protected":false},"author":1,"featured_media":0,"parent":0,"menu_order":0,"comment_status":"closed","ping_status":"open","template":"","meta":{"_mi_skip_tracking":false},"_links":{"self":[{"href":"http:\/\/majaigucio.pl\/index.php\/wp-json\/wp\/v2\/pages\/17"}],"collection":[{"href":"http:\/\/majaigucio.pl\/index.php\/wp-json\/wp\/v2\/pages"}],"about":[{"href":"http:\/\/majaigucio.pl\/index.php\/wp-json\/wp\/v2\/types\/page"}],"author":[{"embeddable":true,"href":"http:\/\/majaigucio.pl\/index.php\/wp-json\/wp\/v2\/users\/1"}],"replies":[{"embeddable":true,"href":"http:\/\/majaigucio.pl\/index.php\/wp-json\/wp\/v2\/comments?post=17"}],"version-history":[{"count":11,"href":"http:\/\/majaigucio.pl\/index.php\/wp-json\/wp\/v2\/pages\/17\/revisions"}],"predecessor-version":[{"id":1892,"href":"http:\/\/majaigucio.pl\/index.php\/wp-json\/wp\/v2\/pages\/17\/revisions\/1892"}],"wp:attachment":[{"href":"http:\/\/majaigucio.pl\/index.php\/wp-json\/wp\/v2\/media?parent=17"}],"curies":[{"name":"wp","href":"https:\/\/api.w.org\/{rel}","templated":true}]}}